{"id":41,"date":"2021-03-05T05:57:45","date_gmt":"2021-03-05T09:57:45","guid":{"rendered":"https:\/\/pachakamani.com\/sonnar\/?page_id=41"},"modified":"2024-07-21T10:59:42","modified_gmt":"2024-07-21T14:59:42","slug":"proyecto-sonnar","status":"publish","type":"page","link":"https:\/\/pachakamani.com\/sonoridadesnarrativas\/proyecto-sonnar\/","title":{"rendered":"Proyecto SonNar"},"content":{"rendered":"\n<div class=\"wp-block-cover alignfull is-light has-parallax\"><span aria-hidden=\"true\" class=\"wp-block-cover__background has-background-dim-40 has-background-dim\"><\/span><div class=\"wp-block-cover__image-background wp-image-11 has-parallax\" style=\"background-position:50% 50%;background-image:url(https:\/\/pachakamani.com\/sonnar\/wp-content\/uploads\/sites\/5\/2021\/02\/sonnar-fondo.jpeg)\"><\/div><div class=\"wp-block-cover__inner-container is-layout-flow wp-block-cover-is-layout-flow\">\n<h1 class=\"wp-block-heading alignwide has-text-align-center has-ast-global-color-5-color has-text-color has-link-color has-large-font-size wp-elements-147bf2064560b21e5af622aff204a99c\"><strong>Sonoridades Narrativas<\/strong><\/h1>\n\n\n\n<h3 class=\"wp-block-heading has-text-align-center has-ast-global-color-5-color has-text-color has-link-color wp-elements-6a8d2876578252fbb55feac8c640be67\"><strong>Proyecto Integral de territorios sonoros y paisajes musicales<\/strong><\/h3>\n<\/div><\/div>\n\n\n\n<hr class=\"wp-block-separator has-css-opacity\"\/>\n\n\n\n<p>Las personas somos unos acumuladores apasionados y nos cuesta reconocerlo. Y no estoy hablando \u00fanicamente de objetos sino de momentos, sensaciones y sentimientos. El primer, y m\u00e1s apreciado espacio de almacenamiento es nuestra \u00abmemoria\u00bb; lo que m\u00e1s me agradada de ella es su fluidez, ya que es nuestro principal espacio creativo. Sin embargo, esa misma caracter\u00edstica la hace pasajera, mejor dicho: temporal. Reconociendo esto es que la humanidad ha generado un sin fin de medios para guardar lo que nos es importante. Al parecer la creatividad y la tecnolog\u00eda nos ha acompa\u00f1ado en ese proceso a lo largo de nuestra historia. Siempre hemos encontrado la manera de perfeccionar ese \u00abarte de guardar\u00bb.<\/p>\n\n\n\n<p>Prefer\u00ed empezar as\u00ed esta presentaci\u00f3n, ya que es honesto reconocer que todas y todos tenemos el af\u00e1n de guardar algo. Y as\u00ed lo hacemos. Empezamos por diversi\u00f3n, por curiosidad o por atesorar \u00abalgo\u00bb. En mi caso, ese \u00abalgo\u00bb es el sonido. Empec\u00e9 grabando en casetes y como ten\u00eda pocos, volv\u00eda a re-grabarlos, una y otra vez hasta que el sonido capturado se distorsionaba. Luego, lleg\u00f3 a mis manos esos reproductores MP3 chinos baratitos, que grababan con muy baja calidad \u00bfpero saben? eso no importaba tanto en ese momento. Lo valioso era capturar el sonido y volver a escucharlo. <\/p>\n\n\n\n<p>Estoy convencido de la importancia de esto \u00faltimo para no ser tan exquisitos\/rigurosos con las capturas que hacemos. Me const\u00f3 mucho, lo admito, pero superar eso fue necesario para animarme a hacer este proyecto. Ten\u00eda que aceptar la val\u00eda del registro de audio por encima de la calidad, y luego sacarme la verg\u00fcenza y compartir. Si bien soy m\u00fasico, no es f\u00e1cil aproximarnos a los \u00abmundos sonoros\u00bb, reconocer la diversidad sonora rompe muchos esquemas mentales (musicales). Por eso son fenomenales las m\u00fasicas de las comunidades y pueblos originarios de cualquier lugar del planeta. Son la muestra de que existen muchas formas sensoriales para relacionarnos con los sonidos. Ese es el esp\u00edritu que gu\u00eda a PachaKamani y tiene continuidad con este proyecto.<\/p>\n\n\n\n<hr class=\"wp-block-separator has-alpha-channel-opacity\"\/>\n\n\n\n<p>Este proyecto es una iniciativa autogestionada a la cual llamamos \u00abSonoridades Narrativas\u00bb y buscamos que el sonido sea el principal actor que nos narre los lugares, la gente y sus territorios. \u00abSonoridades Narrativas\u00bb empez\u00f3 sin m\u00e1s que grabar casi \u00abpor instinto\u00bb, luego nos basamos en la idea de los Paisajes Sonoros y ahora estamos explorando\/aplicando criterios de la <a href=\"https:\/\/pachakamani.com\/sonoridadesnarrativas\/paisaje-etnografia-y-antropologia-sonora-una-aproximacion\/\" target=\"_blank\" rel=\"noreferrer noopener\">Antropolog\u00eda Sonora<\/a>. Empleamos audios que capturan momentos y espacios sonoro-musicales; los cuales, trazan paisajes de la territorializaci\u00f3n sonora en diferentes entornos. Es cierto que los territorios los construyen las personas, pero creo que los sonidos tambi\u00e9n crean territorios y nosotros nos basamos en ellos.<\/p>\n\n\n\n<p>Desde PachaKamani, el 2016, publicamos nuestro primer trabajo sobre los\u00a0<a href=\"https:\/\/pachakamani.com\/podcast\/ep-03-los-ajayus-de-noviembre-paisaje-sonoro-de-la-ritualidad-de-los-difuntos-entre-los-aymaras-de-bolivia-11-2016\/\" target=\"_blank\" rel=\"noreferrer noopener\">paisajes sonoros de Todos Santos<\/a>, y fue el primero paso para sistematizar las grabaciones de audio que realizamos desde 1990 hasta ese momento. Para el 2018 ya conformamos una base de datos de audios y empezamos a compartir algo del material en diferentes plataformas web; y a inicios del 2019 conformamos el proyecto \u00abSonoridades Narrativas\u00bb. No fue sino hasta el 2021 que reunimos los recursos t\u00e9cnicos necesarios para publicar el sitio web del Proyecto aplicando el uso de la\u00a0<em>georreferenciaci\u00f3n<\/em>\u00a0de los audios registrados en campo, un podcast exclusivo para difundir y publicaciones de divulgaci\u00f3n.<\/p>\n\n\n\n<p>De forma general el proyecto Sonoridades Narrativas busca relacionar varios campos de&nbsp;trabajo&nbsp;e&nbsp;investigaci\u00f3n&nbsp;donde PachaKamani se ha desenvuelto este tiempo. La presentaci\u00f3n base ser\u00e1 una<a rel=\"noreferrer noopener\" href=\"https:\/\/pachakamani.com\/sonoridadesnarrativas\/cartografia-sonora\/\" target=\"_blank\"> cartograf\u00eda sonora, y mapas publicados en este sitio web<\/a>, el cual ubicar\u00e1 cada registro de audio y lo contextualizar\u00e1 con una explicaci\u00f3n breve. Aprovechando nuestra otra pasi\u00f3n, a\u00f1adimos un <a rel=\"noreferrer noopener\" href=\"https:\/\/pachakamani.com\/sonoridadesnarrativas\/episodios\/\" target=\"_blank\">Podcast dedicado a este proyecto<\/a> donde presentamos los registros de audio y le <a href=\"https:\/\/pachakamani.com\/sonoridadesnarrativas\/publicaciones\/\" target=\"_blank\" rel=\"noreferrer noopener\">complementamos con informaci\u00f3n y etnograf\u00edas<\/a>. De esta manera, adem\u00e1s de ubicar el sonido en el espacio (mapa), tambi\u00e9n podr\u00e1s aproximarte a su contexto con un poco de narrativa. Buscamos un di\u00e1logo entre todas estas plataformas para brindar una experiencia sonora e informativa lo m\u00e1s completa posible.<\/p>\n\n\n\n<p>Lo sabemos, este es un proyecto muy ambicioso. Por ello, lo consideramos como una base, una plataforma de articulaci\u00f3n. Y abrimos las puertas de este espacio para iniciar trabajos colaborativos que articulen nuestras intensiones, registros sonoros e investigaciones desde varios espacios. \u00a1Junt@s hacemos fuerza!<\/p>\n\n\n\n<h2 class=\"wp-block-heading\">Contactos<\/h2>\n\n\n\n<p>Este proyecto est\u00e1 dirigido por <a rel=\"noreferrer noopener\" href=\"https:\/\/www.linkedin.com\/in\/richardmujica\/\" target=\"_blank\">Richard M\u00fajica Angulo<\/a>, antrop\u00f3logo y m\u00fasico boliviano, cofundador del Colectivo \u00abPachaKamani: Espacio Intercultural de pr\u00e1ctica e investigaci\u00f3n ancestral\u00bb.<\/p>\n\n\n\n<p>LinkedIn: <a href=\"https:\/\/www.linkedin.com\/showcase\/sonoridadesnarrativas\/\" target=\"_blank\" rel=\"noopener noreferrer nofollow\">linkedin.com\/showcase\/sonoridadesnarrativas<\/a><br>P\u00e1gina FaceBook <a href=\"https:\/\/www.facebook.com\/SonoridadesNarrativas\" target=\"_blank\" rel=\"noreferrer noopener\">@SonoridadesNarrativas<\/a><br>Correo Electr\u00f3nico: <a href=\"mailto:richard@pachakamani.com\" target=\"_blank\" rel=\"noreferrer noopener\">richard@pachakamani.com<\/a>\u00a0<br>Febrero, 2021.<\/p>\n","protected":false},"excerpt":{"rendered":"excerpt","protected":false},"author":4,"featured_media":10,"parent":0,"menu_order":0,"comment_status":"closed","ping_status":"closed","template":"","meta":{"site-sidebar-layout":"default","site-content-layout":"default","ast-site-content-layout":"default","site-content-style":"default","site-sidebar-style":"default","ast-global-header-display":"","ast-banner-title-visibility":"","ast-main-header-display":"","ast-hfb-above-header-display":"","ast-hfb-below-header-display":"","ast-hfb-mobile-header-display":"","site-post-title":"disabled","ast-breadcrumbs-content":"","ast-featured-img":"disabled","footer-sml-layout":"","ast-disable-related-posts":"","theme-transparent-header-meta":"default","adv-header-id-meta":"","stick-header-meta":"","header-above-stick-meta":"","header-main-stick-meta":"","header-below-stick-meta":"","astra-migrate-meta-layouts":"set","ast-page-background-enabled":"default","ast-page-background-meta":{"desktop":{"background-color":"","background-image":"","background-repeat":"repeat","background-position":"center center","background-size":"auto","background-attachment":"scroll","background-type":"","background-media":"","overlay-type":"","overlay-color":"","overlay-opacity":"","overlay-gradient":""},"tablet":{"background-color":"","background-image":"","background-repeat":"repeat","background-position":"center center","background-size":"auto","background-attachment":"scroll","background-type":"","background-media":"","overlay-type":"","overlay-color":"","overlay-opacity":"","overlay-gradient":""},"mobile":{"background-color":"","background-image":"","background-repeat":"repeat","background-position":"center center","background-size":"auto","background-attachment":"scroll","background-type":"","background-media":"","overlay-type":"","overlay-color":"","overlay-opacity":"","overlay-gradient":""}},"ast-content-background-meta":{"desktop":{"background-color":"var(--ast-global-color-5)","background-image":"","background-repeat":"repeat","background-position":"center center","background-size":"auto","background-attachment":"scroll","background-type":"","background-media":"","overlay-type":"","overlay-color":"","overlay-opacity":"","overlay-gradient":""},"tablet":{"background-color":"var(--ast-global-color-5)","background-image":"","background-repeat":"repeat","background-position":"center center","background-size":"auto","background-attachment":"scroll","background-type":"","background-media":"","overlay-type":"","overlay-color":"","overlay-opacity":"","overlay-gradient":""},"mobile":{"background-color":"var(--ast-global-color-5)","background-image":"","background-repeat":"repeat","background-position":"center center","background-size":"auto","background-attachment":"scroll","background-type":"","background-media":"","overlay-type":"","overlay-color":"","overlay-opacity":"","overlay-gradient":""}},"episode_type":"","audio_file":"","podmotor_file_id":"","podmotor_episode_id":"","cover_image":"","cover_image_id":"","duration":"","filesize":"","filesize_raw":"","date_recorded":"","explicit":"","block":"","slim_seo":{"title":"Proyecto SonNar - Sonoridades Narrativas","description":"Las personas somos unos acumuladores apasionados y nos cuesta reconocerlo. Y no estoy hablando \u00fanicamente de objetos sino de momentos, sensaciones y sentimiento"},"footnotes":""},"class_list":["post-41","page","type-page","status-publish","has-post-thumbnail","hentry"],"_links":{"self":[{"href":"https:\/\/pachakamani.com\/sonoridadesnarrativas\/wp-json\/wp\/v2\/pages\/41","targetHints":{"allow":["GET"]}}],"collection":[{"href":"https:\/\/pachakamani.com\/sonoridadesnarrativas\/wp-json\/wp\/v2\/pages"}],"about":[{"href":"https:\/\/pachakamani.com\/sonoridadesnarrativas\/wp-json\/wp\/v2\/types\/page"}],"author":[{"embeddable":true,"href":"https:\/\/pachakamani.com\/sonoridadesnarrativas\/wp-json\/wp\/v2\/users\/4"}],"replies":[{"embeddable":true,"href":"https:\/\/pachakamani.com\/sonoridadesnarrativas\/wp-json\/wp\/v2\/comments?post=41"}],"version-history":[{"count":14,"href":"https:\/\/pachakamani.com\/sonoridadesnarrativas\/wp-json\/wp\/v2\/pages\/41\/revisions"}],"predecessor-version":[{"id":666,"href":"https:\/\/pachakamani.com\/sonoridadesnarrativas\/wp-json\/wp\/v2\/pages\/41\/revisions\/666"}],"wp:featuredmedia":[{"embeddable":true,"href":"https:\/\/pachakamani.com\/sonoridadesnarrativas\/wp-json\/wp\/v2\/media\/10"}],"wp:attachment":[{"href":"https:\/\/pachakamani.com\/sonoridadesnarrativas\/wp-json\/wp\/v2\/media?parent=41"}],"curies":[{"name":"wp","href":"https:\/\/api.w.org\/{rel}","templated":true}]}}