{"id":310,"date":"2024-07-28T02:36:38","date_gmt":"2024-07-28T06:36:38","guid":{"rendered":"https:\/\/pachakamani.com\/encuentrosaberes\/?page_id=310"},"modified":"2024-07-28T02:50:55","modified_gmt":"2024-07-28T06:50:55","slug":"libros","status":"publish","type":"page","link":"https:\/\/pachakamani.com\/encuentrosaberes\/libros\/","title":{"rendered":"Libros"},"content":{"rendered":"\n<div class=\"wp-block-query is-layout-flow wp-block-query-is-layout-flow\"><ul class=\"wp-block-post-template is-layout-flow wp-block-post-template-is-layout-flow\"><li class=\"wp-block-post post-272 libro type-libro status-publish has-post-thumbnail hentry\">\n\n<div class=\"wp-block-columns alignwide is-layout-flex wp-container-core-columns-is-layout-3515992f wp-block-columns-is-layout-flex\" style=\"padding-right:var(--wp--preset--spacing--70);padding-left:var(--wp--preset--spacing--70)\">\n<div class=\"wp-block-column is-layout-flow wp-block-column-is-layout-flow\" style=\"flex-basis:66.66%\"><figure style=\"aspect-ratio:1;\" class=\"wp-block-post-featured-image\"><a href=\"https:\/\/pachakamani.com\/encuentrosaberes\/libro\/ichapekene-piesta-v1-catalogo-danzas-limaica-2015\/\" target=\"_self\"  ><img loading=\"lazy\" decoding=\"async\" width=\"1810\" height=\"2560\" src=\"https:\/\/pachakamani.com\/encuentrosaberes\/wp-content\/uploads\/sites\/4\/2024\/07\/ichapekene-vol-1a-scaled.jpg\" class=\"attachment-post-thumbnail size-post-thumbnail wp-post-image\" alt=\"Ichapekene Piesta Vol. 1 Catalogo de danzas. Limaica 2015\" style=\"width:100%;height:100%;object-fit:contain;\" srcset=\"https:\/\/pachakamani.com\/encuentrosaberes\/wp-content\/uploads\/sites\/4\/2024\/07\/ichapekene-vol-1a-scaled.jpg 1810w, https:\/\/pachakamani.com\/encuentrosaberes\/wp-content\/uploads\/sites\/4\/2024\/07\/ichapekene-vol-1a-212x300.jpg 212w, https:\/\/pachakamani.com\/encuentrosaberes\/wp-content\/uploads\/sites\/4\/2024\/07\/ichapekene-vol-1a-724x1024.jpg 724w, https:\/\/pachakamani.com\/encuentrosaberes\/wp-content\/uploads\/sites\/4\/2024\/07\/ichapekene-vol-1a-768x1086.jpg 768w, https:\/\/pachakamani.com\/encuentrosaberes\/wp-content\/uploads\/sites\/4\/2024\/07\/ichapekene-vol-1a-1086x1536.jpg 1086w, https:\/\/pachakamani.com\/encuentrosaberes\/wp-content\/uploads\/sites\/4\/2024\/07\/ichapekene-vol-1a-1448x2048.jpg 1448w\" sizes=\"auto, (max-width: 1810px) 100vw, 1810px\" \/><\/a><\/figure><\/div>\n\n\n\n<div class=\"wp-block-column is-layout-flow wp-block-column-is-layout-flow\" style=\"flex-basis:33.33%\"><h3 class=\"wp-block-post-title\"><a href=\"https:\/\/pachakamani.com\/encuentrosaberes\/libro\/ichapekene-piesta-v1-catalogo-danzas-limaica-2015\/\" target=\"_self\" >Ichapekene Piesta Vol. 1 Catalogo de danzas. Limaica 2015<\/a><\/h3>\n\n<div class=\"wp-block-post-excerpt\"><p class=\"wp-block-post-excerpt__excerpt\">Ichapekene Piesta \u2013 San Ignacio de Moxos. Patrimonio Cultural Inmaterial de la Humanidad. Juan Francisco Limaica Saucedo. Vol. 1 Cat\u00e1logo de danzas. Parroquia San Ignacio de Moxos. Editorial Verbo Divino \u2013 Bolivia. 2015 <\/p><\/div><\/div>\n<\/div>\n\n<\/li><li class=\"wp-block-post post-242 libro type-libro status-publish has-post-thumbnail hentry\">\n\n<div class=\"wp-block-columns alignwide is-layout-flex wp-container-core-columns-is-layout-3515992f wp-block-columns-is-layout-flex\" style=\"padding-right:var(--wp--preset--spacing--70);padding-left:var(--wp--preset--spacing--70)\">\n<div class=\"wp-block-column is-layout-flow wp-block-column-is-layout-flow\" style=\"flex-basis:66.66%\"><figure style=\"aspect-ratio:1;\" class=\"wp-block-post-featured-image\"><a href=\"https:\/\/pachakamani.com\/encuentrosaberes\/libro\/reflexiones-dinamicas-carnaval-oruro-romero-libro\/\" target=\"_self\"  ><img loading=\"lazy\" decoding=\"async\" width=\"547\" height=\"847\" src=\"https:\/\/pachakamani.com\/encuentrosaberes\/wp-content\/uploads\/sites\/4\/2024\/02\/Romero-2013.png\" class=\"attachment-post-thumbnail size-post-thumbnail wp-post-image\" alt=\"Reflexiones de las din\u00e1micas del carnaval de Oruro. Romero\" style=\"width:100%;height:100%;object-fit:contain;\" srcset=\"https:\/\/pachakamani.com\/encuentrosaberes\/wp-content\/uploads\/sites\/4\/2024\/02\/Romero-2013.png 547w, https:\/\/pachakamani.com\/encuentrosaberes\/wp-content\/uploads\/sites\/4\/2024\/02\/Romero-2013-194x300.png 194w\" sizes=\"auto, (max-width: 547px) 100vw, 547px\" \/><\/a><\/figure><\/div>\n\n\n\n<div class=\"wp-block-column is-layout-flow wp-block-column-is-layout-flow\" style=\"flex-basis:33.33%\"><h3 class=\"wp-block-post-title\"><a href=\"https:\/\/pachakamani.com\/encuentrosaberes\/libro\/reflexiones-dinamicas-carnaval-oruro-romero-libro\/\" target=\"_self\" >Reflexiones de las din\u00e1micas del carnaval de Oruro. Romero<\/a><\/h3>\n\n<div class=\"wp-block-post-excerpt\"><p class=\"wp-block-post-excerpt__excerpt\">Descubre c\u00f3mo el antrop\u00f3logo Javier Romero analiza en profundidad las din\u00e1micas del Carnaval de Oruro, destacando su influencia en la transformaci\u00f3n de la ciudad y la sociedad. Explora su libro \u00abReflexiones de las din\u00e1micas del carnaval de Oruro\u00bb para comprender mejor la importancia ritual y social de esta festividad declarada Obra Maestra del Patrimonio Oral&hellip; <\/p><\/div><\/div>\n<\/div>\n\n<\/li><li class=\"wp-block-post post-217 libro type-libro status-publish has-post-thumbnail hentry\">\n\n<div class=\"wp-block-columns alignwide is-layout-flex wp-container-core-columns-is-layout-3515992f wp-block-columns-is-layout-flex\" style=\"padding-right:var(--wp--preset--spacing--70);padding-left:var(--wp--preset--spacing--70)\">\n<div class=\"wp-block-column is-layout-flow wp-block-column-is-layout-flow\" style=\"flex-basis:66.66%\"><figure style=\"aspect-ratio:1;\" class=\"wp-block-post-featured-image\"><a href=\"https:\/\/pachakamani.com\/encuentrosaberes\/libro\/curso-gestion-conocimiento-personal-pkm-investigadores-sociales-2022\/\" target=\"_self\"  ><img loading=\"lazy\" decoding=\"async\" width=\"1880\" height=\"1576\" src=\"https:\/\/pachakamani.com\/encuentrosaberes\/wp-content\/uploads\/sites\/4\/2022\/04\/Curso-PKM-UMSA2.jpg\" class=\"attachment-post-thumbnail size-post-thumbnail wp-post-image\" alt=\"Curso: Gesti\u00f3n del conocimiento personal (PKM) para investigadores sociales 2022\" style=\"width:100%;height:100%;object-fit:contain;\" srcset=\"https:\/\/pachakamani.com\/encuentrosaberes\/wp-content\/uploads\/sites\/4\/2022\/04\/Curso-PKM-UMSA2.jpg 1880w, https:\/\/pachakamani.com\/encuentrosaberes\/wp-content\/uploads\/sites\/4\/2022\/04\/Curso-PKM-UMSA2-300x251.jpg 300w, https:\/\/pachakamani.com\/encuentrosaberes\/wp-content\/uploads\/sites\/4\/2022\/04\/Curso-PKM-UMSA2-1024x858.jpg 1024w, https:\/\/pachakamani.com\/encuentrosaberes\/wp-content\/uploads\/sites\/4\/2022\/04\/Curso-PKM-UMSA2-768x644.jpg 768w, https:\/\/pachakamani.com\/encuentrosaberes\/wp-content\/uploads\/sites\/4\/2022\/04\/Curso-PKM-UMSA2-1536x1288.jpg 1536w\" sizes=\"auto, (max-width: 1880px) 100vw, 1880px\" \/><\/a><\/figure><\/div>\n\n\n\n<div class=\"wp-block-column is-layout-flow wp-block-column-is-layout-flow\" style=\"flex-basis:33.33%\"><h3 class=\"wp-block-post-title\"><a href=\"https:\/\/pachakamani.com\/encuentrosaberes\/libro\/curso-gestion-conocimiento-personal-pkm-investigadores-sociales-2022\/\" target=\"_self\" >Curso: Gesti\u00f3n del conocimiento personal (PKM) para investigadores sociales 2022<\/a><\/h3>\n\n<div class=\"wp-block-post-excerpt\"><p class=\"wp-block-post-excerpt__excerpt\">Curso: Gesti\u00f3n del conocimiento personal (PKM). Criterios e instrumentos iniciales orientados a investigadoras\/es en Ciencias Sociales. \u00bfQu\u00e9 es la Gesti\u00f3n del Conocimiento Personal (PKM)? \u00bfC\u00f3mo puede ayudarnos en el proceso de investigaci\u00f3n? \u00bfPuede ser \u00fatil durante el estudio-aprendizaje acad\u00e9mico?Este curso pretende responder a esas preguntas e introducir a los\/as interesadas\/os a la aplicaci\u00f3n de m\u00e9todos&hellip; <\/p><\/div><\/div>\n<\/div>\n\n<\/li><\/ul><\/div>\n","protected":false},"excerpt":{"rendered":"","protected":false},"author":2,"featured_media":0,"parent":0,"menu_order":0,"comment_status":"closed","ping_status":"closed","template":"","meta":{"site-sidebar-layout":"no-sidebar","site-content-layout":"","ast-site-content-layout":"narrow-width-container","site-content-style":"default","site-sidebar-style":"default","ast-global-header-display":"","ast-banner-title-visibility":"","ast-main-header-display":"","ast-hfb-above-header-display":"","ast-hfb-below-header-display":"","ast-hfb-mobile-header-display":"","site-post-title":"","ast-breadcrumbs-content":"","ast-featured-img":"","footer-sml-layout":"","ast-disable-related-posts":"","theme-transparent-header-meta":"","adv-header-id-meta":"","stick-header-meta":"","header-above-stick-meta":"","header-main-stick-meta":"","header-below-stick-meta":"","astra-migrate-meta-layouts":"set","ast-page-background-enabled":"default","ast-page-background-meta":{"desktop":{"background-color":"","background-image":"","background-repeat":"repeat","background-position":"center center","background-size":"auto","background-attachment":"scroll","background-type":"","background-media":"","overlay-type":"","overlay-color":"","overlay-opacity":"","overlay-gradient":""},"tablet":{"background-color":"","background-image":"","background-repeat":"repeat","background-position":"center center","background-size":"auto","background-attachment":"scroll","background-type":"","background-media":"","overlay-type":"","overlay-color":"","overlay-opacity":"","overlay-gradient":""},"mobile":{"background-color":"","background-image":"","background-repeat":"repeat","background-position":"center center","background-size":"auto","background-attachment":"scroll","background-type":"","background-media":"","overlay-type":"","overlay-color":"","overlay-opacity":"","overlay-gradient":""}},"ast-content-background-meta":{"desktop":{"background-color":"var(--ast-global-color-5)","background-image":"","background-repeat":"repeat","background-position":"center center","background-size":"auto","background-attachment":"scroll","background-type":"","background-media":"","overlay-type":"","overlay-color":"","overlay-opacity":"","overlay-gradient":""},"tablet":{"background-color":"var(--ast-global-color-5)","background-image":"","background-repeat":"repeat","background-position":"center center","background-size":"auto","background-attachment":"scroll","background-type":"","background-media":"","overlay-type":"","overlay-color":"","overlay-opacity":"","overlay-gradient":""},"mobile":{"background-color":"var(--ast-global-color-5)","background-image":"","background-repeat":"repeat","background-position":"center center","background-size":"auto","background-attachment":"scroll","background-type":"","background-media":"","overlay-type":"","overlay-color":"","overlay-opacity":"","overlay-gradient":""}},"slim_seo":{"title":"Libros - Encuentro Saberes","description":""},"footnotes":""},"class_list":["post-310","page","type-page","status-publish","hentry"],"_links":{"self":[{"href":"https:\/\/pachakamani.com\/encuentrosaberes\/wp-json\/wp\/v2\/pages\/310","targetHints":{"allow":["GET"]}}],"collection":[{"href":"https:\/\/pachakamani.com\/encuentrosaberes\/wp-json\/wp\/v2\/pages"}],"about":[{"href":"https:\/\/pachakamani.com\/encuentrosaberes\/wp-json\/wp\/v2\/types\/page"}],"author":[{"embeddable":true,"href":"https:\/\/pachakamani.com\/encuentrosaberes\/wp-json\/wp\/v2\/users\/2"}],"replies":[{"embeddable":true,"href":"https:\/\/pachakamani.com\/encuentrosaberes\/wp-json\/wp\/v2\/comments?post=310"}],"version-history":[{"count":9,"href":"https:\/\/pachakamani.com\/encuentrosaberes\/wp-json\/wp\/v2\/pages\/310\/revisions"}],"predecessor-version":[{"id":329,"href":"https:\/\/pachakamani.com\/encuentrosaberes\/wp-json\/wp\/v2\/pages\/310\/revisions\/329"}],"wp:attachment":[{"href":"https:\/\/pachakamani.com\/encuentrosaberes\/wp-json\/wp\/v2\/media?parent=310"}],"curies":[{"name":"wp","href":"https:\/\/api.w.org\/{rel}","templated":true}]}}