{"id":553,"date":"2024-03-08T20:48:07","date_gmt":"2024-03-08T20:48:07","guid":{"rendered":"https:\/\/pachakamani.com\/atravesdelaventana\/?page_id=553"},"modified":"2024-03-08T21:04:41","modified_gmt":"2024-03-08T21:04:41","slug":"leyes-y-normativa","status":"publish","type":"page","link":"https:\/\/pachakamani.com\/atravesdelaventana\/leyes-y-normativa\/","title":{"rendered":"Leyes y normativa"},"content":{"rendered":"\n<div class=\"wp-block-cover alignfull\"><span aria-hidden=\"true\" class=\"wp-block-cover__background has-background-dim\"><\/span><img fetchpriority=\"high\" decoding=\"async\" width=\"500\" height=\"500\" class=\"wp-block-cover__image-background wp-image-566\" alt=\"Leyes Normas\" src=\"https:\/\/pachakamani.com\/atravesdelaventana\/wp-content\/uploads\/sites\/6\/2024\/03\/leyes-normas.png\" style=\"object-position:54% 71%\" data-object-fit=\"cover\" data-object-position=\"54% 71%\" srcset=\"https:\/\/pachakamani.com\/atravesdelaventana\/wp-content\/uploads\/sites\/6\/2024\/03\/leyes-normas.png 500w, https:\/\/pachakamani.com\/atravesdelaventana\/wp-content\/uploads\/sites\/6\/2024\/03\/leyes-normas-300x300.png 300w, https:\/\/pachakamani.com\/atravesdelaventana\/wp-content\/uploads\/sites\/6\/2024\/03\/leyes-normas-150x150.png 150w\" sizes=\"(max-width: 500px) 100vw, 500px\" \/><div class=\"wp-block-cover__inner-container is-layout-constrained wp-block-cover-is-layout-constrained\">\n<h1 class=\"wp-block-heading has-text-align-center has-large-font-size\"><strong>Leyes y Normativa<\/strong><\/h1>\n<\/div><\/div>\n\n\n\n<hr class=\"wp-block-separator has-alpha-channel-opacity\"\/>\n\n\n\n<p>En esta secci\u00f3n de nuestra plataforma encontrar\u00e1s leyes y normativas destinadas a proteger y empoderar a las mujeres en situaciones de violencia. Nuestra misi\u00f3n es brindar un acceso f\u00e1cil y claro a recursos legales que promuevan la igualdad de g\u00e9nero y la erradicaci\u00f3n de la violencia. <\/p>\n\n\n\n<p>\u00a1Difunde este contenido a quien lo necesite!<\/p>\n\n\n\n<h2 class=\"wp-block-heading has-text-align-center\"><strong>Normativa en Bolivia<\/strong><\/h2>\n\n\n\n<div class=\"wp-block-columns is-layout-flex wp-container-core-columns-is-layout-28f84493 wp-block-columns-is-layout-flex\">\n<div class=\"wp-block-column is-layout-flow wp-block-column-is-layout-flow\">\n<figure class=\"wp-block-image size-full\"><img decoding=\"async\" width=\"500\" height=\"500\" src=\"https:\/\/pachakamani.com\/atravesdelaventana\/wp-content\/uploads\/sites\/6\/2024\/03\/ley-348-1.png\" alt=\"Ley 348 1\" class=\"wp-image-564\" srcset=\"https:\/\/pachakamani.com\/atravesdelaventana\/wp-content\/uploads\/sites\/6\/2024\/03\/ley-348-1.png 500w, https:\/\/pachakamani.com\/atravesdelaventana\/wp-content\/uploads\/sites\/6\/2024\/03\/ley-348-1-300x300.png 300w, https:\/\/pachakamani.com\/atravesdelaventana\/wp-content\/uploads\/sites\/6\/2024\/03\/ley-348-1-150x150.png 150w\" sizes=\"(max-width: 500px) 100vw, 500px\" \/><\/figure>\n\n\n\n<div class=\"wp-block-buttons is-layout-flex wp-block-buttons-is-layout-flex\">\n<div class=\"wp-block-button\"><a class=\"wp-block-button__link has-text-align-center wp-element-button\" href=\"https:\/\/archive.org\/download\/normas-mujeres-contra-violencia\/ley-348-mujeres-violencia.pdf\" target=\"_blank\" rel=\"noreferrer noopener\">Descargar PDF<\/a><\/div>\n<\/div>\n<\/div>\n\n\n\n<div class=\"wp-block-column is-layout-flow wp-block-column-is-layout-flow\">\n<h4 class=\"wp-block-heading has-text-color\" style=\"color:#000000;font-size:32px\"><strong>Ley No 348. <\/strong><\/h4>\n\n\n\n<h4 class=\"wp-block-heading has-text-color\" style=\"color:#000000;font-size:32px\"><strong>Ley Integral para Garantizar a la Mujeres Una Vida Libre de Violencia<\/strong><\/h4>\n\n\n\n<p>Autor: Estado Plurinacional de Bolivia. Asamblea Legislativa Plurinacional<br>Categor\u00eda: Texto<br>Lugar: La Paz, Bolivia<br>Editorial: Ministerio de Justicia<br>Fecha promulgaci\u00f3n: 2013-03-09<br>\u00abTiene por objeto establecer mecanismos, medidas y pol\u00edticas integrales de prevenci\u00f3n, atenci\u00f3n, protecci\u00f3n y reparaci\u00f3n a las mujeres en situaci\u00f3n de violencia, as\u00ed como la persecuci\u00f3n y sanci\u00f3n a los agresores, con el fin de garantizar a las mujeres una vida digna y el ejercicio pleno de sus derechos para Vivir Bien.\u00bb<\/p>\n\n\n\n<p><a href=\"http:\/\/www.gacetaoficialdebolivia.gob.bo\/normas\/buscar_comp\/348\">Fuente 1<\/a> &#8211; <a href=\"https:\/\/www.bivica.org\/file\/view\/id\/4988\">Fuente 2<\/a><\/p>\n<\/div>\n<\/div>\n\n\n\n<hr class=\"wp-block-separator has-alpha-channel-opacity\"\/>\n\n\n\n<div class=\"wp-block-columns is-layout-flex wp-container-core-columns-is-layout-28f84493 wp-block-columns-is-layout-flex\">\n<div class=\"wp-block-column is-layout-flow wp-block-column-is-layout-flow\">\n<figure class=\"wp-block-image size-full\"><img decoding=\"async\" width=\"500\" height=\"500\" src=\"https:\/\/pachakamani.com\/atravesdelaventana\/wp-content\/uploads\/sites\/6\/2024\/03\/DS-2145.png\" alt=\"Ds 2145\" class=\"wp-image-565\" srcset=\"https:\/\/pachakamani.com\/atravesdelaventana\/wp-content\/uploads\/sites\/6\/2024\/03\/DS-2145.png 500w, https:\/\/pachakamani.com\/atravesdelaventana\/wp-content\/uploads\/sites\/6\/2024\/03\/DS-2145-300x300.png 300w, https:\/\/pachakamani.com\/atravesdelaventana\/wp-content\/uploads\/sites\/6\/2024\/03\/DS-2145-150x150.png 150w\" sizes=\"(max-width: 500px) 100vw, 500px\" \/><\/figure>\n\n\n\n<div class=\"wp-block-buttons is-layout-flex wp-block-buttons-is-layout-flex\">\n<div class=\"wp-block-button\"><a class=\"wp-block-button__link has-text-align-center wp-element-button\" href=\"https:\/\/archive.org\/download\/normas-mujeres-contra-violencia\/Ley-348-Decreto-Supremo-2145.pdf\" target=\"_blank\" rel=\"noreferrer noopener\">Descargar PDF<\/a><\/div>\n<\/div>\n<\/div>\n\n\n\n<div class=\"wp-block-column is-layout-flow wp-block-column-is-layout-flow\">\n<h4 class=\"wp-block-heading has-text-color\" style=\"color:#000000;font-size:32px\"><strong>Decreto Supremo N\u00b0 2145<\/strong><\/h4>\n\n\n\n<h4 class=\"wp-block-heading has-text-color\" style=\"color:#000000;font-size:32px\"><strong>Reglamento de la Ley 348 \u00abLey Integral para Garantizar a la Mujeres Una Vida Libre de Violencia\u00bb<\/strong> <\/h4>\n\n\n\n<p>Autor: Estado Plurinacional de Bolivia. Asamblea Legislativa Plurinacional<br>Lugar: La Paz, Bolivia<br>Editorial: Ministerio de Justicia<br>Fecha promulgaci\u00f3n: 2014-10-14<br>\u00abTiene por objeto reglamentar la Ley N\u00b0 348, de 9 de marzo de 2013, Integral para Garantizar a las Mujeres una Vida Libre de Violencia, estableciendo mecanismos de prevenci\u00f3n, atenci\u00f3n, protecci\u00f3n, reparaci\u00f3n y recursos para su implementaci\u00f3n.\u00bb<\/p>\n\n\n\n<p><a href=\"http:\/\/www.gacetaoficialdebolivia.gob.bo\/normas\/buscar_comp\/348\">Fuente 1<\/a> &#8211; <\/p>\n<\/div>\n<\/div>\n\n\n\n<hr class=\"wp-block-separator has-alpha-channel-opacity\"\/>\n\n\n\n<h2 class=\"wp-block-heading\">M\u00e1s informaci\u00f3n<\/h2>\n\n\n\n<ul class=\"wp-block-list\">\n<li>Lista de <a href=\"https:\/\/pachakamani.com\/atravesdelaventana\/instituciones-ayuda-mujer-bolivia\/\" target=\"_blank\" rel=\"noreferrer noopener\">Instituciones de ayuda a la mujer en Bolivia<\/a><\/li>\n\n\n\n<li>Danos tus comentarios, aportes o sugerencias al correo electr\u00f3nico&nbsp;<a href=\"mailto:laventana@pachakamani.com\">laventana@pachakamani.com<\/a>.<\/li>\n\n\n\n<li>Visita nuestro sitio web en&nbsp;<a rel=\"noreferrer noopener\" href=\"https:\/\/pachakamani.com\/atravesdelaventana\/\" target=\"_blank\">pachakamani.com\/atravesdelaventana<\/a><\/li>\n\n\n\n<li>Este podcast en&nbsp;<a href=\"https:\/\/www.youtube.com\/playlist?list=PLT7bMmaWGwzdJhF1wlD7wTuN-rGGIx9sf\" target=\"_blank\" rel=\"noreferrer noopener\">Youtube<\/a>.<\/li>\n\n\n\n<li>\u00abA trav\u00e9s de la Ventana\u00bb es un podcast del colectivo\u00a0<a href=\"https:\/\/pachakamani.com\/\" target=\"_blank\" rel=\"noreferrer noopener\">PachaKamani<\/a>\u00a0en coproducci\u00f3n con\u00a0<a href=\"https:\/\/kamaniaudio.com\/\" target=\"_blank\" rel=\"noreferrer noopener\">Kamani Audio<\/a>.<\/li>\n<\/ul>\n\n\n\n<p><\/p>\n","protected":false},"excerpt":{"rendered":"<p>En esta plataforma encontrar\u00e1s leyes y normativas destinadas a proteger y empoderar a las mujeres en situaciones de violencia. Acces libre para su an\u00e1lisis .<\/p>\n","protected":false},"author":2,"featured_media":566,"parent":0,"menu_order":0,"comment_status":"closed","ping_status":"closed","template":"","meta":{"_uag_custom_page_level_css":"","site-sidebar-layout":"default","site-content-layout":"","ast-site-content-layout":"default","site-content-style":"default","site-sidebar-style":"default","ast-global-header-display":"","ast-banner-title-visibility":"","ast-main-header-display":"","ast-hfb-above-header-display":"","ast-hfb-below-header-display":"","ast-hfb-mobile-header-display":"","site-post-title":"disabled","ast-breadcrumbs-content":"","ast-featured-img":"disabled","footer-sml-layout":"","ast-disable-related-posts":"","theme-transparent-header-meta":"","adv-header-id-meta":"","stick-header-meta":"","header-above-stick-meta":"","header-main-stick-meta":"","header-below-stick-meta":"","astra-migrate-meta-layouts":"set","ast-page-background-enabled":"default","ast-page-background-meta":{"desktop":{"background-color":"","background-image":"","background-repeat":"repeat","background-position":"center center","background-size":"auto","background-attachment":"scroll","background-type":"","background-media":"","overlay-type":"","overlay-color":"","overlay-opacity":"","overlay-gradient":""},"tablet":{"background-color":"","background-image":"","background-repeat":"repeat","background-position":"center center","background-size":"auto","background-attachment":"scroll","background-type":"","background-media":"","overlay-type":"","overlay-color":"","overlay-opacity":"","overlay-gradient":""},"mobile":{"background-color":"","background-image":"","background-repeat":"repeat","background-position":"center center","background-size":"auto","background-attachment":"scroll","background-type":"","background-media":"","overlay-type":"","overlay-color":"","overlay-opacity":"","overlay-gradient":""}},"ast-content-background-meta":{"desktop":{"background-color":"var(--ast-global-color-5)","background-image":"","background-repeat":"repeat","background-position":"center center","background-size":"auto","background-attachment":"scroll","background-type":"","background-media":"","overlay-type":"","overlay-color":"","overlay-opacity":"","overlay-gradient":""},"tablet":{"background-color":"var(--ast-global-color-5)","background-image":"","background-repeat":"repeat","background-position":"center center","background-size":"auto","background-attachment":"scroll","background-type":"","background-media":"","overlay-type":"","overlay-color":"","overlay-opacity":"","overlay-gradient":""},"mobile":{"background-color":"var(--ast-global-color-5)","background-image":"","background-repeat":"repeat","background-position":"center center","background-size":"auto","background-attachment":"scroll","background-type":"","background-media":"","overlay-type":"","overlay-color":"","overlay-opacity":"","overlay-gradient":""}},"slim_seo":{"facebook_image":"https:\/\/pachakamani.com\/atravesdelaventana\/wp-content\/uploads\/sites\/6\/2024\/03\/leyes-normas.png","twitter_image":"https:\/\/pachakamani.com\/atravesdelaventana\/wp-content\/uploads\/sites\/6\/2024\/03\/leyes-normas.png","title":"Leyes y normativa - A trav\u00e9s de la Ventana","description":"En esta plataforma encontrar\u00e1s leyes y normativas destinadas a proteger y empoderar a las mujeres en situaciones de violencia. Acces libre para su an\u00e1lisis ."},"footnotes":""},"class_list":["post-553","page","type-page","status-publish","has-post-thumbnail","hentry"],"uagb_featured_image_src":{"full":["https:\/\/pachakamani.com\/atravesdelaventana\/wp-content\/uploads\/sites\/6\/2024\/03\/leyes-normas.png",500,500,false],"thumbnail":["https:\/\/pachakamani.com\/atravesdelaventana\/wp-content\/uploads\/sites\/6\/2024\/03\/leyes-normas-150x150.png",150,150,true],"medium":["https:\/\/pachakamani.com\/atravesdelaventana\/wp-content\/uploads\/sites\/6\/2024\/03\/leyes-normas-300x300.png",300,300,true],"medium_large":["https:\/\/pachakamani.com\/atravesdelaventana\/wp-content\/uploads\/sites\/6\/2024\/03\/leyes-normas.png",500,500,false],"large":["https:\/\/pachakamani.com\/atravesdelaventana\/wp-content\/uploads\/sites\/6\/2024\/03\/leyes-normas.png",500,500,false],"1536x1536":["https:\/\/pachakamani.com\/atravesdelaventana\/wp-content\/uploads\/sites\/6\/2024\/03\/leyes-normas.png",500,500,false],"2048x2048":["https:\/\/pachakamani.com\/atravesdelaventana\/wp-content\/uploads\/sites\/6\/2024\/03\/leyes-normas.png",500,500,false]},"uagb_author_info":{"display_name":"Comunidad","author_link":"https:\/\/pachakamani.com\/atravesdelaventana\/author\/kamani\/"},"uagb_comment_info":0,"uagb_excerpt":"En esta plataforma encontrar\u00e1s leyes y normativas destinadas a proteger y empoderar a las mujeres en situaciones de violencia. Acces libre para su an\u00e1lisis .","_links":{"self":[{"href":"https:\/\/pachakamani.com\/atravesdelaventana\/wp-json\/wp\/v2\/pages\/553","targetHints":{"allow":["GET"]}}],"collection":[{"href":"https:\/\/pachakamani.com\/atravesdelaventana\/wp-json\/wp\/v2\/pages"}],"about":[{"href":"https:\/\/pachakamani.com\/atravesdelaventana\/wp-json\/wp\/v2\/types\/page"}],"author":[{"embeddable":true,"href":"https:\/\/pachakamani.com\/atravesdelaventana\/wp-json\/wp\/v2\/users\/2"}],"replies":[{"embeddable":true,"href":"https:\/\/pachakamani.com\/atravesdelaventana\/wp-json\/wp\/v2\/comments?post=553"}],"version-history":[{"count":7,"href":"https:\/\/pachakamani.com\/atravesdelaventana\/wp-json\/wp\/v2\/pages\/553\/revisions"}],"predecessor-version":[{"id":571,"href":"https:\/\/pachakamani.com\/atravesdelaventana\/wp-json\/wp\/v2\/pages\/553\/revisions\/571"}],"wp:featuredmedia":[{"embeddable":true,"href":"https:\/\/pachakamani.com\/atravesdelaventana\/wp-json\/wp\/v2\/media\/566"}],"wp:attachment":[{"href":"https:\/\/pachakamani.com\/atravesdelaventana\/wp-json\/wp\/v2\/media?parent=553"}],"curies":[{"name":"wp","href":"https:\/\/api.w.org\/{rel}","templated":true}]}}