{"id":42,"date":"2021-03-08T14:26:07","date_gmt":"2021-03-08T14:26:07","guid":{"rendered":"https:\/\/pachakamani.com\/atravesdelaventana\/?page_id=42"},"modified":"2024-03-07T18:53:39","modified_gmt":"2024-03-07T18:53:39","slug":"proyecto","status":"publish","type":"page","link":"https:\/\/pachakamani.com\/atravesdelaventana\/proyecto\/","title":{"rendered":"Proyecto \u00abA trav\u00e9s de la ventana\u00bb"},"content":{"rendered":"\n<figure class=\"wp-block-image aligncenter is-resized\"><img fetchpriority=\"high\" decoding=\"async\" width=\"500\" height=\"500\" src=\"https:\/\/pachakamani.com\/atravesdelaventana\/wp-content\/uploads\/sites\/6\/2023\/12\/LOGO-la-ventana-2023-B.png\" alt=\"Logo La Ventana 2023 B\" class=\"wp-image-467\" style=\"width:461px;height:auto\" srcset=\"https:\/\/pachakamani.com\/atravesdelaventana\/wp-content\/uploads\/sites\/6\/2023\/12\/LOGO-la-ventana-2023-B.png 500w, https:\/\/pachakamani.com\/atravesdelaventana\/wp-content\/uploads\/sites\/6\/2023\/12\/LOGO-la-ventana-2023-B-300x300.png 300w, https:\/\/pachakamani.com\/atravesdelaventana\/wp-content\/uploads\/sites\/6\/2023\/12\/LOGO-la-ventana-2023-B-150x150.png 150w\" sizes=\"(max-width: 500px) 100vw, 500px\" \/><\/figure>\n\n\n\n<hr class=\"wp-block-separator has-css-opacity\"\/>\n\n\n\n<p>A trav\u00e9s de la ventana, es un podcast que tiene como tema central la violencia contra la mujer en Bolivia y Latinoam\u00e9rica.<\/p>\n\n\n\n<p>Analizar\u00e1 los diferentes aspectos que intervienen para aprender y reflexionar sobre ellos a trav\u00e9s de conversaciones con psic\u00f3logos, abogados, m\u00e9dicos, cientistas sociales, autoridades, representantes de instituciones, activistas. En especial se conversar\u00e1 con las mujeres cuyas experiencias se convierten en el referente para otras mujeres en situaci\u00f3n de violencia.<\/p>\n\n\n\n<p>En una publicaci\u00f3n de la Agencia Boliviana de Informaci\u00f3n ABI de marzo de 2020, se registran los siguientes datos:<\/p>\n\n\n\n<p>En 2015, 2016, 2017 y 2019, en promedio se registr\u00f3 un feminicidio cada tres d\u00edas, mientras que el 2018, a\u00f1o en el que se registraron m\u00e1s casos, se asesin\u00f3 a una mujer cada dos d\u00edas.&nbsp;<\/p>\n\n\n\n<p>En Latinoam\u00e9rica y el Caribe, Bolivia ocup\u00f3 el tercer lugar en el 2018 por elevada tasa de feminicidios. En los pa\u00edses de Am\u00e9rica Latina y el Caribe se registraron al menos 3.529 de feminicidios en 25 pa\u00edses del \u00e1rea, primero est\u00e1 El Salvador (6,8) y segundo Honduras (5,1), Bolivia ocupa el tercer lugar.<\/p>\n\n\n\n<p>Entre los primeros cinco meses del a\u00f1o 2020, se tiene que en Bolivia por departamento, La Paz tuvo la mayor cantidad de muertes de mujeres por causal de feminicidio.<\/p>\n\n\n\n<figure class=\"wp-block-image aligncenter size-large\"><img decoding=\"async\" width=\"770\" height=\"430\" src=\"https:\/\/pachakamani.com\/atravesdelaventana\/wp-content\/uploads\/sites\/6\/2021\/03\/pag12.jpg\" alt=\"\" class=\"wp-image-43\" srcset=\"https:\/\/pachakamani.com\/atravesdelaventana\/wp-content\/uploads\/sites\/6\/2021\/03\/pag12.jpg 770w, https:\/\/pachakamani.com\/atravesdelaventana\/wp-content\/uploads\/sites\/6\/2021\/03\/pag12-300x168.jpg 300w, https:\/\/pachakamani.com\/atravesdelaventana\/wp-content\/uploads\/sites\/6\/2021\/03\/pag12-768x429.jpg 768w\" sizes=\"(max-width: 770px) 100vw, 770px\" \/><figcaption class=\"wp-element-caption\"><em>Feminicidios en Bolivia (Los Tiempos)<\/em><\/figcaption><\/figure>\n\n\n\n<p>Publicado el 11 de mayo de 2020 por la prensa Los Tiempos cuya fuente son la Fiscal\u00eda General del Estado y la Fundaci\u00f3n Voces Libres de Cochabamba.<\/p>\n\n\n\n<p>Estas cifras son preocupantes, raz\u00f3n que hace la creaci\u00f3n de este podcast para reflexionar y compartir experiencias.<\/p>\n\n\n\n<p>Bienvenidos y bienvenidas a todas las personas que quieran dar su aporte reflexivo en este camino.<\/p>\n\n\n\n<figure class=\"wp-block-embed aligncenter is-type-video is-provider-youtube wp-block-embed-youtube wp-embed-aspect-16-9 wp-has-aspect-ratio\"><div class=\"wp-block-embed__wrapper\">\n<iframe title=\"Entrevista con \u00abA trav\u00e9s de la Ventana\u00bb | Podcast para Escuchar #Bolivia\" width=\"500\" height=\"281\" src=\"https:\/\/www.youtube.com\/embed\/b1Z1I9BFzTw?feature=oembed\" frameborder=\"0\" allow=\"accelerometer; autoplay; clipboard-write; encrypted-media; gyroscope; picture-in-picture; web-share\" referrerpolicy=\"strict-origin-when-cross-origin\" allowfullscreen><\/iframe>\n<\/div><figcaption class=\"wp-element-caption\"><em>Entrevista con Gloria Villarroel, productora del podcast \u00abA trav\u00e9s de la ventana\u00bb<\/em><\/figcaption><\/figure>\n\n\n\n<div class=\"wp-block-columns is-layout-flex wp-container-core-columns-is-layout-28f84493 wp-block-columns-is-layout-flex\">\n<div class=\"wp-block-column is-layout-flow wp-block-column-is-layout-flow\">\n<h2 class=\"wp-block-heading\">Direcci\u00f3n<\/h2>\n\n\n\n<p>Este proyecto es dirigido por <a href=\"https:\/\/www.linkedin.com\/in\/gloriavillarroel\/\" target=\"_blank\" rel=\"noreferrer noopener\">Gloria Villarroel Salguiero<\/a><\/p>\n\n\n\n<p>Correo electr\u00f3nico:&nbsp;<a href=\"mailto:laventana@pachakamani.com\">laventana@pachakamani.com<\/a><br>P\u00e1gina de FaceBook: <a rel=\"noreferrer noopener\" href=\"https:\/\/www.facebook.com\/atravesdelaventanabo\" target=\"_blank\">@atravesdelaventanabo<\/a><\/p>\n\n\n\n<p>Esperamos tus comentarios, aportes o sugerencias.<\/p>\n<\/div>\n\n\n\n<div class=\"wp-block-column is-layout-flow wp-block-column-is-layout-flow\">\n<iframe src=\"https:\/\/www.facebook.com\/plugins\/page.php?href=https%3A%2F%2Fwww.facebook.com%2Fatravesdelaventanabo&#038;tabs=timeline&#038;width=340&#038;height=500&#038;small_header=true&#038;adapt_container_width=true&#038;hide_cover=false&#038;show_facepile=false&#038;appId\" width=\"340\" height=\"500\" style=\"border:none;overflow:hidden\" scrolling=\"no\" frameborder=\"0\" allowfullscreen=\"true\" allow=\"autoplay; clipboard-write; encrypted-media; picture-in-picture; web-share\"><\/iframe>\n<\/div>\n<\/div>\n","protected":false},"excerpt":{"rendered":"<p>\u00abA trav\u00e9s de la ventana\u00bb, es un podcast que tiene como tema central la violencia contra la mujer en Bolivia y Latinoam\u00e9rica.<\/p>\n","protected":false},"author":6,"featured_media":467,"parent":0,"menu_order":0,"comment_status":"closed","ping_status":"closed","template":"","meta":{"_uag_custom_page_level_css":"","site-sidebar-layout":"default","site-content-layout":"default","ast-site-content-layout":"default","site-content-style":"default","site-sidebar-style":"default","ast-global-header-display":"","ast-banner-title-visibility":"","ast-main-header-display":"","ast-hfb-above-header-display":"","ast-hfb-below-header-display":"","ast-hfb-mobile-header-display":"","site-post-title":"","ast-breadcrumbs-content":"","ast-featured-img":"disabled","footer-sml-layout":"","ast-disable-related-posts":"","theme-transparent-header-meta":"default","adv-header-id-meta":"","stick-header-meta":"","header-above-stick-meta":"","header-main-stick-meta":"","header-below-stick-meta":"","astra-migrate-meta-layouts":"set","ast-page-background-enabled":"default","ast-page-background-meta":{"desktop":{"background-color":"","background-image":"","background-repeat":"repeat","background-position":"center center","background-size":"auto","background-attachment":"scroll","background-type":"","background-media":"","overlay-type":"","overlay-color":"","overlay-opacity":"","overlay-gradient":""},"tablet":{"background-color":"","background-image":"","background-repeat":"repeat","background-position":"center center","background-size":"auto","background-attachment":"scroll","background-type":"","background-media":"","overlay-type":"","overlay-color":"","overlay-opacity":"","overlay-gradient":""},"mobile":{"background-color":"","background-image":"","background-repeat":"repeat","background-position":"center center","background-size":"auto","background-attachment":"scroll","background-type":"","background-media":"","overlay-type":"","overlay-color":"","overlay-opacity":"","overlay-gradient":""}},"ast-content-background-meta":{"desktop":{"background-color":"var(--ast-global-color-5)","background-image":"","background-repeat":"repeat","background-position":"center center","background-size":"auto","background-attachment":"scroll","background-type":"","background-media":"","overlay-type":"","overlay-color":"","overlay-opacity":"","overlay-gradient":""},"tablet":{"background-color":"var(--ast-global-color-5)","background-image":"","background-repeat":"repeat","background-position":"center center","background-size":"auto","background-attachment":"scroll","background-type":"","background-media":"","overlay-type":"","overlay-color":"","overlay-opacity":"","overlay-gradient":""},"mobile":{"background-color":"var(--ast-global-color-5)","background-image":"","background-repeat":"repeat","background-position":"center center","background-size":"auto","background-attachment":"scroll","background-type":"","background-media":"","overlay-type":"","overlay-color":"","overlay-opacity":"","overlay-gradient":""}},"slim_seo":{"facebook_image":"https:\/\/pachakamani.com\/atravesdelaventana\/wp-content\/uploads\/sites\/6\/2023\/12\/LOGO-la-ventana-2023-B-3000-scaled-1.jpg","twitter_image":"https:\/\/pachakamani.com\/atravesdelaventana\/wp-content\/uploads\/sites\/6\/2023\/12\/LOGO-la-ventana-2023-B.png","title":"Proyecto \"A trav\u00e9s de la ventana\" - A trav\u00e9s de la Ventana","description":"\"A trav\u00e9s de la ventana\", es un podcast que tiene como tema central la violencia contra la mujer en Bolivia y Latinoam\u00e9rica."},"footnotes":""},"class_list":["post-42","page","type-page","status-publish","has-post-thumbnail","hentry"],"uagb_featured_image_src":{"full":["https:\/\/pachakamani.com\/atravesdelaventana\/wp-content\/uploads\/sites\/6\/2023\/12\/LOGO-la-ventana-2023-B.png",500,500,false],"thumbnail":["https:\/\/pachakamani.com\/atravesdelaventana\/wp-content\/uploads\/sites\/6\/2023\/12\/LOGO-la-ventana-2023-B-150x150.png",150,150,true],"medium":["https:\/\/pachakamani.com\/atravesdelaventana\/wp-content\/uploads\/sites\/6\/2023\/12\/LOGO-la-ventana-2023-B-300x300.png",300,300,true],"medium_large":["https:\/\/pachakamani.com\/atravesdelaventana\/wp-content\/uploads\/sites\/6\/2023\/12\/LOGO-la-ventana-2023-B.png",500,500,false],"large":["https:\/\/pachakamani.com\/atravesdelaventana\/wp-content\/uploads\/sites\/6\/2023\/12\/LOGO-la-ventana-2023-B.png",500,500,false],"1536x1536":["https:\/\/pachakamani.com\/atravesdelaventana\/wp-content\/uploads\/sites\/6\/2023\/12\/LOGO-la-ventana-2023-B.png",500,500,false],"2048x2048":["https:\/\/pachakamani.com\/atravesdelaventana\/wp-content\/uploads\/sites\/6\/2023\/12\/LOGO-la-ventana-2023-B.png",500,500,false]},"uagb_author_info":{"display_name":"Gloria Villarroel","author_link":"https:\/\/pachakamani.com\/atravesdelaventana\/author\/gloria\/"},"uagb_comment_info":0,"uagb_excerpt":"\"A trav\u00e9s de la ventana\", es un podcast que tiene como tema central la violencia contra la mujer en Bolivia y Latinoam\u00e9rica.","_links":{"self":[{"href":"https:\/\/pachakamani.com\/atravesdelaventana\/wp-json\/wp\/v2\/pages\/42","targetHints":{"allow":["GET"]}}],"collection":[{"href":"https:\/\/pachakamani.com\/atravesdelaventana\/wp-json\/wp\/v2\/pages"}],"about":[{"href":"https:\/\/pachakamani.com\/atravesdelaventana\/wp-json\/wp\/v2\/types\/page"}],"author":[{"embeddable":true,"href":"https:\/\/pachakamani.com\/atravesdelaventana\/wp-json\/wp\/v2\/users\/6"}],"replies":[{"embeddable":true,"href":"https:\/\/pachakamani.com\/atravesdelaventana\/wp-json\/wp\/v2\/comments?post=42"}],"version-history":[{"count":15,"href":"https:\/\/pachakamani.com\/atravesdelaventana\/wp-json\/wp\/v2\/pages\/42\/revisions"}],"predecessor-version":[{"id":636,"href":"https:\/\/pachakamani.com\/atravesdelaventana\/wp-json\/wp\/v2\/pages\/42\/revisions\/636"}],"wp:featuredmedia":[{"embeddable":true,"href":"https:\/\/pachakamani.com\/atravesdelaventana\/wp-json\/wp\/v2\/media\/467"}],"wp:attachment":[{"href":"https:\/\/pachakamani.com\/atravesdelaventana\/wp-json\/wp\/v2\/media?parent=42"}],"curies":[{"name":"wp","href":"https:\/\/api.w.org\/{rel}","templated":true}]}}